{"id":41,"date":"2022-03-22T12:26:29","date_gmt":"2022-03-22T11:26:29","guid":{"rendered":"http:\/\/dps-gizycko.home.pl\/autoinstalator\/wordpressplugins2\/?page_id=41"},"modified":"2026-03-16T10:36:04","modified_gmt":"2026-03-16T09:36:04","slug":"o-nas","status":"publish","type":"page","link":"https:\/\/dps-gizycko.pl\/?page_id=41","title":{"rendered":"O NAS"},"content":{"rendered":"<p><strong>W samym centrum miasta, na ulicy Warszawskiej 31 w budynku, kt\u00f3ry powsta\u0142 w 1880 roku, mie\u015bci si\u0119 Dom Pomocy Spo\u0142ecznej . Od roku 1999r. dom jest jednostk\u0105 podleg\u0142\u0105 Staro\u015bcie Powiatu Gi\u017cyckiego.<\/strong><\/p>\n<p>Dom Pomocy Spo\u0142ecznej w Gi\u017cycku jest jednostk\u0105 bud\u017cetow\u0105 Powiatu Gi\u017cyckiego.<\/p>\n<p>\u015awiadczy us\u0142ugi bytowe, opieku\u0144cze, wspomagaj\u0105ce na poziomie obowi\u0105zuj\u0105cego standardu, w zakresie i formach wynikaj\u0105cych z indywidualnych potrzeb mieszka\u0144c\u00f3w domu. Zaspokaja potrzeby bytowe mieszka\u0144c\u00f3w takie jak: miejsce zamieszkania, wy\u017cywienie, utrzymanie czysto\u015bci, us\u0142ugi opieku\u0144cze: pomoc w podstawowych czynno\u015bciach \u017cyciowych, w ubieraniu si\u0119, jedzeniu, myciu i k\u0105paniu, piel\u0119gnacja, opieka higieniczna, pomoc w za\u0142atwianiu spraw osobistych, wspomagaj\u0105ce takie jak: udzia\u0142 w terapii zaj\u0119ciowej, podnoszenie sprawno\u015bci i aktywizowanie mieszka\u0144c\u00f3w, \u015bwiadczenie pracy socjalnej, umo\u017cliwienie realizacji potrzeb religijnych i kulturalnych. Czynny udzia\u0142<br \/>\nw r\u00f3\u017cnych formach aktywno\u015bci pozwala odreagowa\u0107 przykre napi\u0119cia, tworzy warunki<br \/>\ndo odnowy si\u0142, mobilizuje do wysi\u0142ku, daje szanse na odbudow\u0119 zachwianego poczucia w\u0142asnej warto\u015bci. Dom Pomocy Spo\u0142ecznej w Gi\u017cycku organizuje swoim podopiecznym wiele spotka\u0144 kulturalnych, integracyjnych i okoliczno\u015bciowych.<\/p>\n<p>Celem Domu jest zapewnienie mieszka\u0144com poczucia bezpiecze\u0144stwa i godnego \u017cycia, z uwzgl\u0119dnieniem wolno\u015bci, intymno\u015bci, stopnia ich fizycznej i psychicznej sprawno\u015bci, stanu zdrowia oraz indywidualnych potrzeb i mo\u017cliwo\u015bci<br \/>\noraz podtrzymywanie samodzielno\u015bci.<\/p>\n<p>Dom mie\u015bci si\u0119 w pi\u0119ciokondygnacyjnym budynku, wyposa\u017conym w 2 windy. Budynek otoczony jest zagospodarowanym terenem zielonym, na kt\u00f3rym wyznaczono miejsca do organizacji spotka\u0144 integracyjnych. Podjazd dla w\u00f3zk\u00f3w przy wej\u015bciu g\u0142\u00f3wnym umo\u017cliwia niepe\u0142nosprawnym ruchowo mieszka\u0144com swobodne przemieszczanie<br \/>\nsi\u0119 z budynku do ogrodu. Na korytarzach zainstalowane s\u0105 por\u0119cze. Ca\u0142a posesja Domu jest ogrodzona i zabezpiecza potrzeby mieszka\u0144c\u00f3w w zakresie rekreacji i organizacji spotka\u0144. W budynku zainstalowane s\u0105 2 systemy przyzywowo-alarmowe oraz system alarmu przeciwpo\u017carowego.<\/p>\n<p>W jednostce znajduje si\u0119 \u0142\u0105cznie 78 pokoi s\u0142u\u017c\u0105cych mieszka\u0144com,<br \/>\nw tym: 34 pokoje jednoosobowe, 35 pokoi dwuosobowych, 9 pokoi trzyosobowych. Pokoje oraz pomieszczenia sanitarne spe\u0142niaj\u0105 standardy okre\u015blone w rozporz\u0105dzeniu Ministra Pracy i Polityki Spo\u0142ecznej z dnia 23 sierpnia 2012 r. <em>w sprawie dom\u00f3w pomocy spo\u0142ecznej. <\/em>Personel stara si\u0119 aby wszystkie pomieszczenia by\u0142y wolne od nieprzyjemnych zapach\u00f3w, czyste, zadbane i estetyczne.<\/p>\n<p>Ka\u017cdy nowoprzyby\u0142y mieszkaniec jest obj\u0119ty opiek\u0105 ze strony pracownika socjalnego, personelu opieku\u0144czego, a tak\u017ce wsp\u00f3\u0142mieszka\u0144c\u00f3w. Poprzez liczne rozmowy, obserwacje, kontakt z rodzin\u0105 rozpoznaje si\u0119 jego potrzeby, zainteresowania, upodobania, aby okres adaptacji i zmiany \u015brodowiska przebiega\u0142y jak naj\u0142agodniej, a mieszkaniec mia\u0142 poczucie bezpiecze\u0144stwa.<\/p>\n<table width=\"624\">\n<tbody>\n<tr>\n<td width=\"624\">Jednostka posiada w\u0142asn\u0105 kuchni\u0119. Organizacja \u017cywienia w Domu przebiega zgodnie<br \/>\nz \u00a7 6.1 pkt.6 w\/w rozporz\u0105dzenia Ministra Pracy i Polityki Spo\u0142ecznej z dnia 23.08.2012 r.<br \/>\nw sprawie dom\u00f3w pomocy spo\u0142ecznej. Mieszka\u0144com zapewnia si\u0119 co najmniej 3 posi\u0142ki dziennie. Dzienny jad\u0142ospis jest wywieszany codziennie rano na tablicach informacyjnych<br \/>\nna ka\u017cdym pi\u0119trze. Wydawanie posi\u0142k\u00f3w przebiega dwutorowo: w sto\u0142\u00f3wce i w pokojach. Dzi\u0119ki w\u0142a\u015bciwej organizacji przebiega bardzo sprawnie.<\/td>\n<\/tr>\n<\/tbody>\n<\/table>\n<p>Us\u0142ugi opieku\u0144cze i piel\u0119gnacyjne sprawowane s\u0105 przez opiekun\u00f3w pracuj\u0105cych<br \/>\nw systemie zmianowym. W porze nocnej pracuje co najmniej 4 opiekun\u00f3w. Dodatkowo na dy\u017curze jest portier lub opiekun, kt\u00f3ry czuwa nad bezpiecze\u0144stwem mieszka\u0144c\u00f3w.<br \/>\nPiel\u0119gniarki pracuj\u0105 od poniedzia\u0142ku do pi\u0105tku w systemie 8-godzinnym. Personel piel\u0119gniarski i opieku\u0144czy poza czynno\u015bciami piel\u0119gnacyjnymi wykonuje pomiary ci\u015bnienia, temperatury cia\u0142a, saturacje, glikemi\u0119 przy pomocy glukometru, piel\u0119gnacj\u0119 przeciwodle\u017cynow\u0105, kontroluje diurez\u0119, nadzoruje stan psychosomatyczny, ustala konsultacje u lekarzy specjalist\u00f3w, umo\u017cliwia przyj\u0119cie lek\u00f3w oraz pilnuje wa\u017cno\u015bci<br \/>\ne &#8211; recept, aby ka\u017cdy mieszkaniec mia\u0142 na czas wykupione leki.<\/p>\n<p>Dom umo\u017cliwia mieszka\u0144com korzystanie ze \u015bwiadcze\u0144 zdrowotnych, przewidzianych w przepisach o powszechnym ubezpieczeniu zdrowotnym. Us\u0142ugi<br \/>\nna terenie Domu \u015bwiadczy lekarz POZ, lekarz psychiatra oraz psycholog. Realizacj\u0105 specjalistycznych us\u0142ug piel\u0119gniarskich, w tym wykonywaniem zabieg\u00f3w na zlecenie lekarzy rodzinnych, zajmuj\u0105 si\u0119 piel\u0119gniarki POZ.<\/p>\n<p>Na terenie Domu funkcjonuje pomieszczenie do rehabilitacji wyposa\u017cone w\u00a0specjalistyczny sprz\u0119t. Prowadzona jest gimnastyka usprawniaj\u0105ca, kinezyterapia oraz fizykoterapia. Zabiegi s\u0105 prowadzone przez fizjoterapeut\u0119 i masa\u017cyst\u00f3w. Prowadzi si\u0119 \u0107wiczenia bierne, czynno-bierne oraz czynne. Z osobami le\u017c\u0105cymi prowadzi si\u0119 \u0107wiczenia ruchowe, w tym nauk\u0119 siadania, pionizacj\u0119, gimnastyk\u0119 oddechow\u0105. \u0106wiczenia manualne r\u0105k najcz\u0119\u015bciej wykonuj\u0105 opiekunowie w ramach terapii zaj\u0119ciowej. Prowadzona jest rehabilitacja domowa w ramach NFZ na podstawie ustawy o szczeg\u00f3lnych rozwi\u0105zaniach wspieraj\u0105cych osoby<br \/>\no znacznym stopniu niepe\u0142nosprawno\u015bci.<\/p>\n<p>Mieszkaniec mo\u017ce liczy\u0107 na pomoc ze strony pracownika socjalnego w sprawach osobistych, urz\u0119dowych, w nawi\u0105zywaniu i podtrzymywaniu kontakt\u00f3w z rodzin\u0105,<br \/>\nw rozwi\u0105zywaniu konflikt\u00f3w miedzy wsp\u00f3\u0142mieszka\u0144cami i pracownikami, wspieranie<br \/>\nw codziennym funkcjonowaniu. Pracownik socjalny bierze czynny udzia\u0142 w przyjmowaniu nowych mieszka\u0144c\u00f3w oraz procesie ich adaptacji.<\/p>\n<p>Podopieczni maj\u0105 mo\u017cliwo\u015b\u0107 udzia\u0142u w praktykach religijnych. Zapewnia si\u0119 wszystkim udzia\u0142 w praktykach religijnych oraz udzia\u0142 w zorganizowanych uroczysto\u015bciach \u015bwi\u0105tecznych i okazjonalnych zgodnie z wyznaniem. Na terenie Domu znajduje si\u0119 kaplica, gdzie odbywaj\u0105 si\u0119 msze i obrz\u0105dki religijne, zgodnie z wyznaniem mieszka\u0144c\u00f3w.<\/p>\n<p>W Domu znajduje si\u0119 punkt biblioteczny. Zasady obs\u0142ugi bibliotecznej reguluje Regulamin Punktu Bibliotecznego. Punkt obs\u0142ugiwany jest przez pracownika Domu oraz jednego z mieszka\u0144c\u00f3w. Ponadto mieszka\u0144cy posiadaj\u0105 dost\u0119p do prasy codziennej. Nawi\u0105zano r\u00f3wnie\u017c wsp\u00f3\u0142prac\u0119 z bibliotek\u0105 publiczn\u0105 w Gi\u017cycku.<\/p>\n<p>Mieszkaniec ma prawo pozostawa\u0107 poza DPS. Otrzymuje zwrot za nieobecno\u015b\u0107 nieprzekraczaj\u0105c\u0105 21 dni w roku kalendarzowym.<\/p>\n<p>Ka\u017cdy mieszkaniec ma prawo zabezpieczy\u0107 swoje rzeczy warto\u015bciowe w depozycie DPS i w ka\u017cdej chwili ma do nich dost\u0119p. \u015arodkami finansowymi mieszka\u0144cy dysponuj\u0105 sami lub wp\u0142acaj\u0105 na konto depozytowe DPS. Osoby, kt\u00f3re nie s\u0105 w stanie prowadzi\u0107 swoich finans\u00f3w ze wzgl\u0119du na stan zdrowia lub inne okoliczno\u015bci maj\u0105 ustanowionych pe\u0142nomocnik\u00f3w notarialnych lub opiekun\u00f3w prawnych, kt\u00f3rzy dysponuj\u0105 \u015brodkami z konta depozytowego.<br \/>\nDPS zapewnia warunki do rozwoju samorz\u0105dno\u015bci mieszka\u0144c\u00f3w poprzez inicjowanie i\u00a0pomoc w\u00a0funkcjonowaniu Rady Mieszka\u0144c\u00f3w. Rada Mieszka\u0144c\u00f3w jest organem reprezentuj\u0105cym mieszka\u0144c\u00f3w. Mo\u017ce wyst\u0119powa\u0107 do Dyrektora Domu<br \/>\nz wnioskami maj\u0105cymi na celu popraw\u0119 funkcjonowania plac\u00f3wki oraz warunk\u00f3w bytowych.<br \/>\nDPS zapewnia przestrzeganie praw mieszka\u0144c\u00f3w na podstawie Regulaminu Mieszka\u0144c\u00f3w DPS w Gi\u017cycku. Mieszka\u0144cy maj\u0105 r\u00f3wnie\u017c dost\u0119p do informacji o swoich prawach \u2013 na tablicy og\u0142osze\u0144 na ka\u017cdym pi\u0119trze wywieszone s\u0105 informacje dotycz\u0105ce kontakt\u00f3w z PCPR w Gi\u017cycku, Starostwem Powiatowym w Gi\u017cycku, instytucjami stoj\u0105cymi na stra\u017cy praw cz\u0142owieka.<\/p>\n<p>Dom stara\u00a0 si\u0119 utrzymywa\u0107 i rozwija\u0107 kontakty z rodzinami mieszka\u0144c\u00f3w.<br \/>\nKa\u017cdy mieszkaniec ma przydzielonego pracownika pierwszego kontaktu (ppk), kt\u00f3ry\u00a0 jest rzecznikiem jego spraw i dba, aby mieszkaniec czu\u0142 si\u0119 dobrze w \u015brodowisku domu pomocy spo\u0142ecznej. Odbywa si\u0119 to na zasadzie przydzia\u0142u lub wyboru przez mieszka\u0144ca<br \/>\nw zale\u017cno\u015bci od stanu zdrowia i \u015bwiadomo\u015bci.<\/p>\n<p>Dom pomocy spo\u0142ecznej wspiera mieszka\u0144c\u00f3w poprzez podnoszenie sprawno\u015bci fizycznej, jak i psychicznej. Aktywizuje w ramach szeroko poj\u0119tej terapii zaj\u0119ciowej, kt\u00f3rej celem jest przywr\u00f3cenie zdolno\u015bci umys\u0142owych, poznawczych i motorycznych.<br \/>\nW przypadku, gdy zmiany s\u0105 nieodwracalne, zaj\u0119cia te umo\u017cliwiaj\u0105 wytworzenie funkcji zast\u0119pczych.<\/p>\n<p>Terapia jest dla wszystkich ch\u0119tnych mieszka\u0144c\u00f3w. Formy prowadzonych zaj\u0119\u0107 to: zaj\u0119cia kulinarne w kuchenkach pomocniczych, \u0107wiczenie umiej\u0119tno\u015bci praktycznych, trening umiej\u0119tno\u015bci interpersonalnych, ludoterapia, muzykoterapia, biblioterapia, teatroterapia, filmoterapia, terapia ruchowa, imprezy integracyjne, ergoterapia, hortiterapia, arteterapia, malarstwo, sztuki u\u017cytkowe, gr\u0119 w bocci\u0119. Zaj\u0119cia prowadzone s\u0105 tak\u017ce nast\u0119puj\u0105cymi metodami: malowania 10-ma palcami, relaksacji, muzykoterapia, \u0107wiczenia grafomotoryczne, biblioterapia. Prowadzi si\u0119 r\u00f3wnie\u017c terapi\u0119 przy\u0142\u00f3\u017ckow\u0105 z przewlekle somatycznie chorymi.<\/p>\n<p>Na terenie domu znajduje si\u0119 pracownia do arteterapii. Arteterapia to terapia zaj\u0119ciowa<br \/>\nza pomoc\u0105 sztuki. Jest form\u0105 psychoterapii. Proces pomocy polega na tworzeniu obiekt\u00f3w artystycznych przy wsparciu i zaanga\u017cowaniu opiekuna\/terapeuty. Podopieczny kreuje wtedy obrazy, muzyk\u0119 lub rze\u017aby i opowiada prowadz\u0105cemu o znaczeniu, jakie maj\u0105 dla niego poszczeg\u00f3lne elementy dzie\u0142a. Dzi\u0119ki arteterapii mieszka\u0144cy s\u0105 mniej zestresowani, podnosz\u0105 swoj\u0105 samoocen\u0119, rozwijaj\u0105 ekspresj\u0119 siebie oraz redukuj\u0105 napi\u0119cie i smutek. Nasz Dom wsp\u00f3\u0142pracuje z innymi domami pomocy z Polski, stowarzyszeniami, instytucjami i wolontariuszami. Wspieraj\u0105 oni, aktywizuj\u0105 i uatrakcyjniaj\u0105 czas mieszka\u0144com.<\/p>\n<p>&nbsp;<\/p>\n","protected":false},"excerpt":{"rendered":"<p>W samym centrum miasta, na ulicy Warszawskiej 31 w budynku, kt\u00f3ry powsta\u0142 w 1880 roku, mie\u015bci si\u0119 Dom Pomocy Spo\u0142ecznej . Od roku 1999r. dom jest jednostk\u0105 podleg\u0142\u0105 Staro\u015bcie Powiatu Gi\u017cyckiego. Dom Pomocy Spo\u0142ecznej w Gi\u017cycku jest jednostk\u0105 bud\u017cetow\u0105 Powiatu Gi\u017cyckiego. \u015awiadczy us\u0142ugi bytowe, opieku\u0144cze, wspomagaj\u0105ce na poziomie obowi\u0105zuj\u0105cego standardu, w zakresie i formach wynikaj\u0105cych [&hellip;]<\/p>\n","protected":false},"author":1,"featured_media":0,"parent":0,"menu_order":1,"comment_status":"closed","ping_status":"closed","template":"","meta":{"footnotes":""},"class_list":["post-41","page","type-page","status-publish","hentry"],"_links":{"self":[{"href":"https:\/\/dps-gizycko.pl\/index.php?rest_route=\/wp\/v2\/pages\/41","targetHints":{"allow":["GET"]}}],"collection":[{"href":"https:\/\/dps-gizycko.pl\/index.php?rest_route=\/wp\/v2\/pages"}],"about":[{"href":"https:\/\/dps-gizycko.pl\/index.php?rest_route=\/wp\/v2\/types\/page"}],"author":[{"embeddable":true,"href":"https:\/\/dps-gizycko.pl\/index.php?rest_route=\/wp\/v2\/users\/1"}],"replies":[{"embeddable":true,"href":"https:\/\/dps-gizycko.pl\/index.php?rest_route=%2Fwp%2Fv2%2Fcomments&post=41"}],"version-history":[{"count":6,"href":"https:\/\/dps-gizycko.pl\/index.php?rest_route=\/wp\/v2\/pages\/41\/revisions"}],"predecessor-version":[{"id":3659,"href":"https:\/\/dps-gizycko.pl\/index.php?rest_route=\/wp\/v2\/pages\/41\/revisions\/3659"}],"wp:attachment":[{"href":"https:\/\/dps-gizycko.pl\/index.php?rest_route=%2Fwp%2Fv2%2Fmedia&parent=41"}],"curies":[{"name":"wp","href":"https:\/\/api.w.org\/{rel}","templated":true}]}}